{"id":126,"date":"2022-06-30T07:50:11","date_gmt":"2022-06-30T05:50:11","guid":{"rendered":"https:\/\/coursedesbourriques.fr\/?page_id=126"},"modified":"2025-04-02T16:27:06","modified_gmt":"2025-04-02T14:27:06","slug":"records","status":"publish","type":"page","link":"https:\/\/coursedesbourriques.fr\/index.php\/records\/","title":{"rendered":"Records des Bourriques"},"content":{"rendered":"\n<p class=\"has-vivid-purple-color has-text-color\"><strong>Record d&#8217;affluence :<\/strong> Course des Bourriques + Populaire<\/p>\n\n\n\n<ul class=\"wp-block-list\">\n<li>328 arrivants lors de la 13e \u00e9dition en 2008.<\/li>\n<\/ul>\n\n\n\n<p><\/p>\n\n\n\n<p class=\"has-vivid-purple-color has-text-color\"><strong>Record du club le plus repr\u00e9sent\u00e9<\/strong> sur la Course des Bourriques :<\/p>\n\n\n\n<ul class=\"wp-block-list\">\n<li><strong>Lons Athl\u00e9tique Club<\/strong> avec 40 arrivants lors de la 12e \u00e9dition en 2007.<\/li>\n<\/ul>\n\n\n\n<p><\/p>\n\n\n\n<p class=\"has-vivid-purple-color has-text-color\"><strong>Records de la Populaire :<\/strong><\/p>\n\n\n\n<figure class=\"wp-block-table\"><table><tbody><tr><td>Femmes<\/td><td>2024 &#8211; 18\u00e8me \u00e9dition<\/td><td><strong>GAGNEUX Charl\u00e8ne<\/strong><\/td><td>Lons Athl\u00e9 39<\/td><td>20&#8217;13<\/td><\/tr><tr><td>Hommes<\/td><td>2023 &#8211; 17\u00e8me \u00e9dition<\/td><td><strong>RIBEIRO Jonathan<\/strong><\/td><td>EA Macon<\/td><td>17&#8217;07<\/td><\/tr><\/tbody><\/table><\/figure>\n\n\n\n<p><\/p>\n\n\n\n<p class=\"has-vivid-purple-color has-text-color\"><strong>Records de la Course des Bourriques :<\/strong><\/p>\n\n\n\n<figure class=\"wp-block-table\"><table><tbody><tr><td>Femmes<\/td><td>2022 &#8211; 16\u00e8me \u00e9dition<\/td><td><strong>PELE Marion<\/strong><\/td><td>Lons Athl\u00e9 39<\/td><td>45&#8217;54<\/td><\/tr><tr><td>Hommes<\/td><td>2022 &#8211; 16\u00e8me \u00e9dition<\/td><td><strong>FIEUX Pierre<\/strong><\/td><td>Lons Athl\u00e9 39<\/td><td>38&#8217;13<\/td><\/tr><\/tbody><\/table><\/figure>\n\n\n\n<p><\/p>\n\n\n\n<p class=\"has-vivid-purple-color has-text-color\"><strong>5 Meilleures performances F\/M sur la Course des Bourriques :<\/strong><\/p>\n\n\n\n<figure class=\"wp-block-table\"><table class=\"has-black-color has-blush-light-purple-gradient-background has-text-color has-background\"><tbody><tr><td>1.<\/td><td>2022<\/td><td><strong>PELE Marion<\/strong><\/td><td>45&#8217;54<\/td><\/tr><tr><td>2.<\/td><td>2011<\/td><td>GRANDPERRIN Sylvie<\/td><td>46&#8217;15<\/td><\/tr><tr><td>3.<\/td><td>2014<\/td><td>GRANDPERRIN Sylvie<\/td><td>47&#8243;31<\/td><\/tr><tr><td>4.<\/td><td>2015<\/td><td>GRANDPERRIN Sylvie<\/td><td>47&#8217;44<\/td><\/tr><tr><td>5.<\/td><td>2010<\/td><td>GRANDPERRIN Sylvie<\/td><td>47&#8217;47<\/td><\/tr><\/tbody><\/table><\/figure>\n\n\n\n<figure class=\"wp-block-table\"><table class=\"has-black-color has-electric-grass-gradient-background has-text-color has-background\"><tbody><tr><td>1.<\/td><td>2022<\/td><td><strong>FIEUX Pierre<\/strong><\/td><td>38&#8217;13<\/td><\/tr><tr><td>2.<\/td><td>2023<\/td><td>FIEUX Pierre<\/td><td>38&#8217;28<\/td><\/tr><tr><td>3.<\/td><td>2010<\/td><td>CHOULET St\u00e9phane<\/td><td>38&#8217;33<\/td><\/tr><tr><td>4.<\/td><td>2009<\/td><td>ROUX R\u00e9gis<\/td><td>38&#8217;58<\/td><\/tr><tr><td>5.<\/td><td>2014<\/td><td>EL MADI El Yazid<\/td><td>39&#8217;03<\/td><\/tr><\/tbody><\/table><\/figure>\n","protected":false},"excerpt":{"rendered":"<p>Record d&#8217;affluence : Course des Bourriques + Populaire Record du club le plus repr\u00e9sent\u00e9 sur la Course des Bourriques : Records de la Populaire : Femmes 2024 &#8211; 18\u00e8me \u00e9dition GAGNEUX Charl\u00e8ne Lons Athl\u00e9 39 20&#8217;13 Hommes 2023 &#8211; 17\u00e8me \u00e9dition RIBEIRO Jonathan EA Macon 17&#8217;07 Records de la Course des Bourriques : Femmes 2022 [&hellip;]<\/p>\n","protected":false},"author":1,"featured_media":0,"parent":0,"menu_order":0,"comment_status":"closed","ping_status":"closed","template":"","meta":{"footnotes":""},"class_list":["post-126","page","type-page","status-publish","hentry"],"_links":{"self":[{"href":"https:\/\/coursedesbourriques.fr\/index.php\/wp-json\/wp\/v2\/pages\/126","targetHints":{"allow":["GET"]}}],"collection":[{"href":"https:\/\/coursedesbourriques.fr\/index.php\/wp-json\/wp\/v2\/pages"}],"about":[{"href":"https:\/\/coursedesbourriques.fr\/index.php\/wp-json\/wp\/v2\/types\/page"}],"author":[{"embeddable":true,"href":"https:\/\/coursedesbourriques.fr\/index.php\/wp-json\/wp\/v2\/users\/1"}],"replies":[{"embeddable":true,"href":"https:\/\/coursedesbourriques.fr\/index.php\/wp-json\/wp\/v2\/comments?post=126"}],"version-history":[{"count":14,"href":"https:\/\/coursedesbourriques.fr\/index.php\/wp-json\/wp\/v2\/pages\/126\/revisions"}],"predecessor-version":[{"id":262,"href":"https:\/\/coursedesbourriques.fr\/index.php\/wp-json\/wp\/v2\/pages\/126\/revisions\/262"}],"wp:attachment":[{"href":"https:\/\/coursedesbourriques.fr\/index.php\/wp-json\/wp\/v2\/media?parent=126"}],"curies":[{"name":"wp","href":"https:\/\/api.w.org\/{rel}","templated":true}]}}