{"id":11,"date":"2022-05-15T11:03:49","date_gmt":"2022-05-15T09:03:49","guid":{"rendered":"https:\/\/coursedesbourriques.fr\/?page_id=11"},"modified":"2026-03-30T13:41:49","modified_gmt":"2026-03-30T11:41:49","slug":"partenaires","status":"publish","type":"page","link":"https:\/\/coursedesbourriques.fr\/index.php\/partenaires\/","title":{"rendered":"Partenaires"},"content":{"rendered":"\n<p><\/p>\n\n\n\n<p>.<\/p>\n\n\n\n<p class=\"has-luminous-vivid-orange-color has-text-color has-medium-font-size\"><strong>LISTE DES PARTENAIRES de la 20<sup>e<\/sup> \u00e9dition des Bourriques.<\/strong><\/p>\n\n\n\n<p><strong>COMMUNE DE MEUSSIA<\/strong><\/p>\n\n\n\n<p><strong>COMMUNE COYRON<\/strong><\/p>\n\n\n\n<p><strong>COMMUNAUTE DE COMMUNES TERRE D\u2019EMERAUDE<\/strong><\/p>\n\n\n\n<p><strong>CONSEIL DEPARTEMENTAL DU JURA<\/strong><\/p>\n\n\n\n<p><strong>LAMARTINE IMMOBILIER (Yann PATULA)<\/strong><\/p>\n\n\n\n<p><strong>GRILLET SA<\/strong> \u00e0 CHARCHILLA<\/p>\n\n\n\n<p><strong>BUCHOT GALLET<\/strong> \u00e0 ORGELET<\/p>\n\n\n\n<p><strong>DUBOIS MACONNERIE<\/strong> \u00e0 DORTAN<\/p>\n\n\n\n<p><strong>JARDIVAL<\/strong> \u00e0 ORGELET<\/p>\n\n\n\n<p><strong>MUSEE DU JOUET<\/strong> \u00e0 MOIRANS EN MONTAGNE<\/p>\n\n\n\n<p><strong>SMOBY<\/strong> \u00e0 LAVANS LES SAINTS CLAUDE<\/p>\n\n\n\n<p><strong>ORGELET AUTO-SERVICE<\/strong> \u00e0 ORGELET<\/p>\n\n\n\n<p><strong>THEVENOD SA<\/strong> \u00e0 PERRIGNY<\/p>\n\n\n\n<p><strong>BOISSON MANUFACTURE TOURNEUR SUR BOIS<\/strong> \u00e0 MEUSSIA<\/p>\n\n\n\n<p><strong>ACQUISTAPACE BETON <\/strong>\u00e0 MOIRANS EN MONTAGNE<\/p>\n\n\n\n<p><strong>RUNNING CONSEIL JURA<\/strong> \u00e0 LONS LE SAUNIER et CLAIRVAUX LES LACS<\/p>\n\n\n\n<p><strong>LE P&#8217;TIT MARCHE PONTOIS DENIS ET PATRICIA VERJUS<\/strong> \u00e0 PONT DE POITTE<\/p>\n\n\n\n<p><strong>JPK EXPRESS TRANSPORT<\/strong> \u00e0 MEUSSIA<\/p>\n\n\n\n<p><strong>MP USINAGE<\/strong> \u00e0 MOIRANS EN MONTAGNE<\/p>\n\n\n\n<p><strong>AVIVA CUISINES<\/strong> \u00e0 OYONNAX<\/p>\n\n\n\n<p><strong>CM GARAGE POIDS LOURDS<\/strong> \u00e0 SAINT-CLAUDE<\/p>\n\n\n\n<p><strong>LOMIBOIS<\/strong> \u00e0 LONS LE SAUNIER<\/p>\n\n\n\n<p><strong>AMELLIS MUTUELLE<\/strong><\/p>\n\n\n\n<p><strong>SARL PASS&#8217;IV<\/strong> \u00e0 MOIRANS EN MONTAGNE<\/p>\n\n\n\n<p><strong>DOMAINE OVERNOY<\/strong> \u00e0 ORBAGNA<\/p>\n\n\n\n<p><strong>SUPER U<\/strong> \u00e0 ORGELET<\/p>\n\n\n\n<p><strong>CYCLES BURDET PIERRE ETIENNE RICHARD<\/strong> \u00e0 SAINT CLAUDE<\/p>\n\n\n\n<p><strong>CREDIT AGRICOLE<\/strong> \u00e0 MOIRANS EN MONTAGE<\/p>\n\n\n\n<p><strong>ANGE&#8217;LLE et LUI <\/strong>\u00e0 ORGELET<\/p>\n\n\n\n<p><strong>GEDIMAT <\/strong>\u00e0 ORGELET<\/p>\n\n\n\n<p><strong>AERO-NOV<\/strong>\u00a0 \u00e0 MOIRANS EN MONTAGNE<\/p>\n\n\n\n<p><strong>MILLET TECHNIC GROUP<\/strong> \u00e0 MEUSSIA<\/p>\n\n\n\n<p><\/p>\n\n\n\n<p><\/p>\n","protected":false},"excerpt":{"rendered":"<p>. LISTE DES PARTENAIRES de la 20e \u00e9dition des Bourriques. COMMUNE DE MEUSSIA COMMUNE COYRON COMMUNAUTE DE COMMUNES TERRE D\u2019EMERAUDE CONSEIL DEPARTEMENTAL DU JURA LAMARTINE IMMOBILIER (Yann PATULA) GRILLET SA \u00e0 CHARCHILLA BUCHOT GALLET \u00e0 ORGELET DUBOIS MACONNERIE \u00e0 DORTAN JARDIVAL \u00e0 ORGELET MUSEE DU JOUET \u00e0 MOIRANS EN MONTAGNE SMOBY \u00e0 LAVANS LES SAINTS [&hellip;]<\/p>\n","protected":false},"author":1,"featured_media":0,"parent":0,"menu_order":0,"comment_status":"closed","ping_status":"closed","template":"","meta":{"footnotes":""},"class_list":["post-11","page","type-page","status-publish","hentry"],"_links":{"self":[{"href":"https:\/\/coursedesbourriques.fr\/index.php\/wp-json\/wp\/v2\/pages\/11","targetHints":{"allow":["GET"]}}],"collection":[{"href":"https:\/\/coursedesbourriques.fr\/index.php\/wp-json\/wp\/v2\/pages"}],"about":[{"href":"https:\/\/coursedesbourriques.fr\/index.php\/wp-json\/wp\/v2\/types\/page"}],"author":[{"embeddable":true,"href":"https:\/\/coursedesbourriques.fr\/index.php\/wp-json\/wp\/v2\/users\/1"}],"replies":[{"embeddable":true,"href":"https:\/\/coursedesbourriques.fr\/index.php\/wp-json\/wp\/v2\/comments?post=11"}],"version-history":[{"count":7,"href":"https:\/\/coursedesbourriques.fr\/index.php\/wp-json\/wp\/v2\/pages\/11\/revisions"}],"predecessor-version":[{"id":304,"href":"https:\/\/coursedesbourriques.fr\/index.php\/wp-json\/wp\/v2\/pages\/11\/revisions\/304"}],"wp:attachment":[{"href":"https:\/\/coursedesbourriques.fr\/index.php\/wp-json\/wp\/v2\/media?parent=11"}],"curies":[{"name":"wp","href":"https:\/\/api.w.org\/{rel}","templated":true}]}}