{"id":10,"date":"2022-05-15T11:03:49","date_gmt":"2022-05-15T09:03:49","guid":{"rendered":"https:\/\/coursedesbourriques.fr\/?page_id=10"},"modified":"2026-03-30T20:10:13","modified_gmt":"2026-03-30T18:10:13","slug":"evenement","status":"publish","type":"page","link":"https:\/\/coursedesbourriques.fr\/index.php\/evenement\/","title":{"rendered":"Ev\u00e9nement"},"content":{"rendered":"\n<h1 class=\"wp-block-heading has-vivid-purple-color has-text-color\">La course des bourriques<\/h1>\n\n\n\n<p><\/p>\n\n\n\n<p><\/p>\n\n\n\n<p><\/p>\n\n\n\n<p><\/p>\n\n\n\n<p id=\"block-4fb58084-369f-4614-96b4-d7f99d5b3489\">Cette ann\u00e9e la course des bourriques f\u00eate ses 20 ans !<\/p>\n\n\n\n<p id=\"block-22bc549a-2740-4639-9ded-4fc5b603db93\"><strong>Fort de cette anciennet\u00e9, elle est devenue une r\u00e9f\u00e9rence dans le calendrier des courses hors stade du Jura.<\/strong><\/p>\n\n\n\n<p id=\"block-0a15e674-ed9b-4b86-a898-c14636a3b460\">Cette course, ouverte \u00e0 tous  a su s\u00e9duire par sa simplicit\u00e9, les sportifs de tous \u00e2ges et de tous niveaux. Elle procure \u00e0 ses participants ou spectateurs de belles \u00e9motions li\u00e9es \u00e0 des instants d&#8217;une convivialit\u00e9 rare.<\/p>\n\n\n\n<p id=\"block-be0d30f0-5f5f-4353-bba5-761e0404cd87\">Nous sommes s\u00fbrs qu&#8217;en prenant le d\u00e9part d&#8217;une des courses ou des randonn\u00e9es propos\u00e9es vous prendrez un grand plaisir \u00e0 parcourir les sentier bordant le lac de Vouglans et ses m\u00e9andres turquoises.<\/p>\n\n\n\n<p><p id=\"block-378330ef-59c3-4f99-beb1-58fd20b08a71\">\ufeff<\/p><\/p>\n\n\n\n<p class=\"has-text-align-center has-vivid-purple-color has-text-color has-large-font-size\" id=\"block-44bbe934-a739-4f2b-99f4-3d3d1a366c1a\"><strong>Programme 2026 :<\/strong><\/p>\n\n\n\n<p class=\"has-text-align-center has-vivid-purple-color has-text-color has-medium-font-size\" id=\"block-760a2c8c-6466-4c95-b6c3-44ea2a174cdd\"><strong>9h15<\/strong> :<\/p>\n\n\n\n<p class=\"has-text-align-center has-black-color has-text-color has-link-color wp-elements-bf48832df9117416c820ea030bc03b9b\" id=\"block-2119c627-eaf4-44f9-80c9-2dc0fc6f631f\">Randonn\u00e9es \/ Marche-nordique<\/p>\n\n\n\n<p class=\"has-text-align-center has-vivid-purple-color has-text-color has-medium-font-size\" id=\"block-d3542ffb-894a-4d60-b479-838b136abf37\"><strong>9h30<\/strong> : (\u00e0 partir de)<\/p>\n\n\n\n<p class=\"has-text-align-center\" id=\"block-f00c9a1e-74e8-4eb2-9b82-002c360ada53\">Courses enfants<\/p>\n\n\n\n<p class=\"has-text-align-center has-vivid-purple-color has-text-color has-medium-font-size\" id=\"block-909e1aba-4f93-4d7c-a76e-3a2f177c6f01\"><strong>10h<\/strong> :<\/p>\n\n\n\n<p class=\"has-text-align-center\" id=\"block-a1851e7d-0a7f-4fdd-b834-dbc5d434e26c\">Populaire (5km)<\/p>\n\n\n\n<p class=\"has-text-align-center has-vivid-purple-color has-text-color has-medium-font-size\" id=\"block-d3122eb1-6202-4882-995e-e16da0bb03d1\"><strong>10h40 :<\/strong><\/p>\n\n\n\n<p class=\"has-text-align-center\" id=\"block-e88164c7-48db-4766-bf24-928240295b15\">Course des Bourriques (11.2km)<\/p>\n\n\n\n<p class=\"has-vivid-purple-color has-text-color has-medium-font-size\"><strong>Infos courses enfants :<\/strong><\/p>\n\n\n\n<ul class=\"wp-block-list\">\n<li>Conform\u00e9ment \u00e0 la nouvelle r\u00e8glementation de la F\u00e9d\u00e9ration Fran\u00e7aise d&#8217;Athl\u00e9tisme, pour les bambins (n\u00e9s en 2020 et apr\u00e8s), \u00e9cole d&#8217;athl\u00e9tisme (n\u00e9s de 2017 \u00e0 2019), poussins (n\u00e9s en 2015 et 2016) : des animations sportives (kid&#8217;s athl\u00e9) sur le stade sont pr\u00e9vues pour qu&#8217;eux aussi participent \u00e0 la f\u00eate.<\/li>\n<\/ul>\n\n\n\n<ul class=\"wp-block-list\">\n<li>Pour les benjamins (n\u00e9s en 2013 et 2014) une course avec questionnaire de sant\u00e9 pour mineur ou une licence sont pr\u00e9vues au programme.<\/li>\n<\/ul>\n\n\n\n<p><\/p>\n","protected":false},"excerpt":{"rendered":"<p>La course des bourriques Cette ann\u00e9e la course des bourriques f\u00eate ses 20 ans ! Fort de cette anciennet\u00e9, elle est devenue une r\u00e9f\u00e9rence dans le calendrier des courses hors stade du Jura. Cette course, ouverte \u00e0 tous a su s\u00e9duire par sa simplicit\u00e9, les sportifs de tous \u00e2ges et de tous niveaux. Elle procure [&hellip;]<\/p>\n","protected":false},"author":1,"featured_media":0,"parent":0,"menu_order":0,"comment_status":"closed","ping_status":"closed","template":"","meta":{"footnotes":""},"class_list":["post-10","page","type-page","status-publish","hentry"],"_links":{"self":[{"href":"https:\/\/coursedesbourriques.fr\/index.php\/wp-json\/wp\/v2\/pages\/10","targetHints":{"allow":["GET"]}}],"collection":[{"href":"https:\/\/coursedesbourriques.fr\/index.php\/wp-json\/wp\/v2\/pages"}],"about":[{"href":"https:\/\/coursedesbourriques.fr\/index.php\/wp-json\/wp\/v2\/types\/page"}],"author":[{"embeddable":true,"href":"https:\/\/coursedesbourriques.fr\/index.php\/wp-json\/wp\/v2\/users\/1"}],"replies":[{"embeddable":true,"href":"https:\/\/coursedesbourriques.fr\/index.php\/wp-json\/wp\/v2\/comments?post=10"}],"version-history":[{"count":22,"href":"https:\/\/coursedesbourriques.fr\/index.php\/wp-json\/wp\/v2\/pages\/10\/revisions"}],"predecessor-version":[{"id":322,"href":"https:\/\/coursedesbourriques.fr\/index.php\/wp-json\/wp\/v2\/pages\/10\/revisions\/322"}],"wp:attachment":[{"href":"https:\/\/coursedesbourriques.fr\/index.php\/wp-json\/wp\/v2\/media?parent=10"}],"curies":[{"name":"wp","href":"https:\/\/api.w.org\/{rel}","templated":true}]}}